{"id":4902,"date":"2023-10-30T16:13:53","date_gmt":"2023-10-30T15:13:53","guid":{"rendered":"https:\/\/enjoyater.com\/prodotto\/thermobehaelter-oval-tuttocaldo-4l-hazelnuss\/"},"modified":"2024-02-05T16:37:02","modified_gmt":"2024-02-05T15:37:02","slug":"thermobehalter-oval-tuttocaldo-4l-hazelnuss","status":"publish","type":"product","link":"https:\/\/enjoyater.com\/de\/prodotto\/thermobehalter-oval-tuttocaldo-4l-hazelnuss\/","title":{"rendered":"THERMOBEH\u00c4LTER OVAL TUTTOCALDO 4L &#8211; HAZELNUSS"},"content":{"rendered":"<p>Produktabmessungen : 49.7\u00d731.5\u00d712.9 cm \u2013 40.5\u00d727.5\u00d76.6 cm<\/p>\n<p>Tuttocaldo Thermobeh\u00e4lter bestehen aus einem doppelwandigen K\u00f6rper und Deckel aus Kunststoff f\u00fcr Lebensmittel mit einer inneren EPS-Isolierung. Sie sind unerl\u00e4sslich, um das Essen (hei\u00df oder kalt) in jeder Situation und mit guten thermischen Leistungen zu transportieren und hygienisch zu dienen.<\/p>\n<p>Die wei\u00dfe feuerfeste Form aus Keramik, die im Backofen oder in der Mikrowelle verwendet werden kann, muss zur Temperaturerhaltung, zum Transport und zum Servieren auf dem Tisch in den Thermobeh\u00e4lter eingesetzt werden.<br \/>\nDie praktischen Schnappgriffe an den Seiten sorgen f\u00fcr einen perfekten Verschluss des Beh\u00e4lters, der die Temperatur der Speisen \u00fcber Stunden h\u00e4lt.<br \/>\n* Es h\u00e4lt das Essen stundenlang hei\u00df\/kalt, ohne Geschmack oder Qualit\u00e4t zu ver\u00e4ndern<br \/>\n* Sicherer Verschluss und maximale Hygiene dank Griffsystem<br \/>\n* Modernes und elegantes Design<br \/>\n* feuerfeste Form enthaltet<br \/>\n* Ideal zum stundenlangen Hei\u00dfhalten von Pasta und Gem\u00fcse, Lasagne oder Cannelloni, geschmortem und gebratenem Fleisch, Grillgerichte, ged\u00fcnstetem oder gebackenem Fisch, Gem\u00fcseaufl\u00e4ufe\u2026<br \/>\n* Auch ideal um Puddings, Tiramisu, Sorbets und Eiscreme, Obstsalate stundenlang kalt zu halten\u2026<\/p>\n<p>Sie k\u00f6nnen mit der feuerfesten Form im Ofen kochen und direkt auf dem Tisch hei\u00df servieren\u2026<br \/>\n\u2026Essen mitnehmen f\u00fcr ein Picknick, im Wohnmobil, auf einem Boot, mit Freunden<br \/>\n\u2026bedienen Sie problemlos die Mitglieder Ihrer Familie, die mit unterschiedlichen Zeiten essen<br \/>\n\u2026Essen vorkochen und elegant servieren<br \/>\n\u2026Essen immer die richtige Temperatur servieren<\/p>\n<p>NUR DIE FEUERFESTE FORM KANN IM TRADITIONELLEN OFEN, IN DER MIKROWELLE UND IN DER SP\u00dcLMASCHINE VERWENDET WERDEN<\/p>\n<p><img decoding=\"async\" class=\"alignnone size-medium\" src=\"https:\/\/enjoyater.com\/wp-content\/uploads\/2024\/icone-de\/3h-caldo.gif\" alt=\"3H HEISS\" width=\"75\" height=\"95\" \/><img decoding=\"async\" class=\"alignnone size-medium\" src=\"https:\/\/enjoyater.com\/wp-content\/uploads\/2024\/icone-de\/3h-freddo.gif\" alt=\"3H KALT\" width=\"75\" height=\"95\" \/><img decoding=\"async\" class=\"alignnone size-medium\" src=\"https:\/\/enjoyater.com\/wp-content\/uploads\/2024\/icone-de\/cap-4L.gif\" alt=\"KAPAZIT\u00c4T 4L\" width=\"75\" height=\"95\" \/><img loading=\"lazy\" decoding=\"async\" class=\"alignnone size-medium\" src=\"https:\/\/enjoyater.com\/wp-content\/uploads\/2024\/icone-de\/forno-pirofila.gif\" alt=\"OFEN NUR AUFLAFFORM\" width=\"75\" height=\"95\" \/><img loading=\"lazy\" decoding=\"async\" class=\"alignnone size-medium\" src=\"https:\/\/enjoyater.com\/wp-content\/uploads\/2024\/icone-de\/lavastoviglie-pirofila.gif\" alt=\"SP\u00dcLMASCHINE NUR AUFLAFFORM\" width=\"75\" height=\"95\" \/><img loading=\"lazy\" decoding=\"async\" class=\"alignnone size-medium\" src=\"https:\/\/enjoyater.com\/wp-content\/uploads\/2024\/icone-de\/microonde-pirofila.gif\" alt=\"MIKROWELLE NUR AUFLAFFORM\" width=\"75\" height=\"95\" \/><img loading=\"lazy\" decoding=\"async\" class=\"alignnone size-medium\" src=\"https:\/\/enjoyater.com\/wp-content\/uploads\/2024\/icone-de\/alimenti.gif\" alt=\"SICHER F\u00dcR LEBENSMITTEL\" width=\"75\" height=\"95\" \/><img loading=\"lazy\" decoding=\"async\" class=\"alignnone size-medium\" src=\"https:\/\/enjoyater.com\/wp-content\/uploads\/2024\/icone-de\/bpa-free.gif\" alt=\"BPA free\" width=\"75\" height=\"95\" \/><img loading=\"lazy\" decoding=\"async\" class=\"alignnone size-medium\" src=\"https:\/\/enjoyater.com\/wp-content\/uploads\/2024\/icone-de\/made-italy.gif\" alt=\"Made in Italy\" width=\"75\" height=\"95\" \/><\/p>\n","protected":false},"excerpt":{"rendered":"<p>THERMOBEH\u00c4LTER OVAL TUTTOCALDO<\/p>\n<p>Thermobeh\u00e4lter mit Auflaufform aus Keramik<br \/>\nThermobeh\u00e4lter mit rundem Deckel und Keramik-Backform Kochen Sie in einem herk\u00f6mmlichen Ofen oder in der Mikrowelle und bewahren Sie die Speisen im Thermobeh\u00e4lter auf: Sie bleiben stundenlang hei\u00df (oder kalt), ohne dass sich der Geschmack oder die Qualit\u00e4t ver\u00e4ndern.<\/p>\n","protected":false},"featured_media":4495,"template":"","meta":{"_themeisle_gutenberg_block_has_review":false},"product_brand":[],"product_cat":[84],"product_tag":[],"class_list":{"0":"post-4902","1":"product","2":"type-product","3":"status-publish","4":"has-post-thumbnail","6":"product_cat-thermobehaltern","8":"first","9":"instock","10":"shipping-taxable","11":"product-type-simple"},"_links":{"self":[{"href":"https:\/\/enjoyater.com\/de\/wp-json\/wp\/v2\/product\/4902","targetHints":{"allow":["GET"]}}],"collection":[{"href":"https:\/\/enjoyater.com\/de\/wp-json\/wp\/v2\/product"}],"about":[{"href":"https:\/\/enjoyater.com\/de\/wp-json\/wp\/v2\/types\/product"}],"version-history":[{"count":5,"href":"https:\/\/enjoyater.com\/de\/wp-json\/wp\/v2\/product\/4902\/revisions"}],"predecessor-version":[{"id":7309,"href":"https:\/\/enjoyater.com\/de\/wp-json\/wp\/v2\/product\/4902\/revisions\/7309"}],"wp:featuredmedia":[{"embeddable":true,"href":"https:\/\/enjoyater.com\/de\/wp-json\/wp\/v2\/media\/4495"}],"wp:attachment":[{"href":"https:\/\/enjoyater.com\/de\/wp-json\/wp\/v2\/media?parent=4902"}],"wp:term":[{"taxonomy":"product_brand","embeddable":true,"href":"https:\/\/enjoyater.com\/de\/wp-json\/wp\/v2\/product_brand?post=4902"},{"taxonomy":"product_cat","embeddable":true,"href":"https:\/\/enjoyater.com\/de\/wp-json\/wp\/v2\/product_cat?post=4902"},{"taxonomy":"product_tag","embeddable":true,"href":"https:\/\/enjoyater.com\/de\/wp-json\/wp\/v2\/product_tag?post=4902"}],"curies":[{"name":"wp","href":"https:\/\/api.w.org\/{rel}","templated":true}]}}