{"id":4933,"date":"2023-10-30T16:13:54","date_gmt":"2023-10-30T15:13:54","guid":{"rendered":"https:\/\/enjoyater.com\/prodotto\/isolierkanne-liberty-glaseinsatz-1l-rose\/"},"modified":"2024-02-05T11:18:02","modified_gmt":"2024-02-05T10:18:02","slug":"isolierkanne-liberty-glaseinsatz-1l-rose","status":"publish","type":"product","link":"https:\/\/enjoyater.com\/de\/prodotto\/isolierkanne-liberty-glaseinsatz-1l-rose\/","title":{"rendered":"ISOLIERKANNE LIBERTY GLASEINSATZ 1L &#8211; ROSE"},"content":{"rendered":"<p>Produktabmessungen : 18.7&#215;14.5&#215;26 cm<\/p>\n<p>Genie\u00dfen Sie auch nach vielen Stunden das Aroma von Kaffee oder die Frische eines Saftes.<\/p>\n<p>Au\u00dfengeh\u00e4use aus widerstandsf\u00e4higem Kunststoff (ABS) geeignet f\u00fcr den Kontakt mit Lebensmitteln.<br \/>\nHochwertige Nachf\u00fcllung aus doppelwandigem, vakuumverpacktem Silberglas.<br \/>\nHebel mit automatischem Schlie\u00dfsystem zur Vermeidung von Temperaturschwankungen.<br \/>\nSt\u00f6psel mit Drehverschluss.<\/p>\n<p>Liberty Isolierkanne sorgen dank der hohen Qualit\u00e4t des doppelwandigen Glaseinsatz f\u00fcr eine hervorragende W\u00e4rmeleistung, sodass Sie auch nach vielen Stunden das Aroma eines hei\u00dfen Kaffees oder die Frische eines Saftes genie\u00dfen k\u00f6nnen<\/p>\n<p>Zus\u00e4tzlich zur hervorragenden Funktionalit\u00e4t bieten sie ein hochwertiges Design, das sie einzigartig macht.<br \/>\nLiberty Isolierkanne mit Glasinnenraum vereinen Technik mit Design, Leistung und Langlebigkeit:<br \/>\n1) ein \u00e4u\u00dferes Geh\u00e4use aus hochwertigem Kunststoff, das f\u00fcr den Kontakt mit Lebensmitteln geeignet ist<br \/>\n2) eine hochwertige interne doppelwandigem Vakuum-Glaseinsatz , die sowohl f\u00fcr hei\u00dfe als auch f\u00fcr kalte Getr\u00e4nke geeignet ist<\/p>\n<p><img decoding=\"async\" class=\"alignnone size-medium\" src=\"https:\/\/enjoyater.com\/wp-content\/uploads\/2024\/icone-de\/12h-caldo.gif\" alt=\"12H HEISS\" width=\"75\" height=\"95\" \/><img decoding=\"async\" class=\"alignnone size-medium\" src=\"https:\/\/enjoyater.com\/wp-content\/uploads\/2024\/icone-de\/24h-freddo.gif\" alt=\"24H KALT\" width=\"75\" height=\"95\" \/><img decoding=\"async\" class=\"alignnone size-medium\" src=\"https:\/\/enjoyater.com\/wp-content\/uploads\/2024\/icone-de\/cap-1L.gif\" alt=\"KAPAZIT\u00c4T 1L\" width=\"75\" height=\"95\" \/><img loading=\"lazy\" decoding=\"async\" class=\"alignnone size-medium\" src=\"https:\/\/enjoyater.com\/wp-content\/uploads\/2024\/icone-de\/smart-lock.gif\" alt=\"SMART LOCK\" width=\"75\" height=\"95\" \/><img loading=\"lazy\" decoding=\"async\" class=\"alignnone size-medium\" src=\"https:\/\/enjoyater.com\/wp-content\/uploads\/2024\/icone-de\/ermetico.gif\" alt=\"HERMETISCH\" width=\"75\" height=\"95\" \/><img loading=\"lazy\" decoding=\"async\" class=\"alignnone size-medium\" src=\"https:\/\/enjoyater.com\/wp-content\/uploads\/2024\/icone-de\/alimenti.gif\" alt=\"SICHER F\u00dcR LEBENSMITTEL\" width=\"75\" height=\"95\" \/><img loading=\"lazy\" decoding=\"async\" class=\"alignnone size-medium\" src=\"https:\/\/enjoyater.com\/wp-content\/uploads\/2024\/icone-de\/bpa-free.gif\" alt=\"BPA free\" width=\"75\" height=\"95\" \/><img loading=\"lazy\" decoding=\"async\" class=\"alignnone size-medium\" src=\"https:\/\/enjoyater.com\/wp-content\/uploads\/2024\/icone-de\/made-italy.gif\" alt=\"Made in Italy\" width=\"75\" height=\"95\" \/><\/p>\n","protected":false},"excerpt":{"rendered":"<p>ISOLIERKANNE<br \/>\nIdeal f\u00fcr Tee-Kaffee-Kr\u00e4utertees, Getr\u00e4nke ohne Kohlens\u00e4ure. Ergonomischer Griff. Smart-Lock-Verschluss.<br \/>\nEinh\u00e4ndige Bedienung. Strapazierf\u00e4hige Oberfl\u00e4che mit gl\u00e4nzendem Finish. Hermetisch dicht. Hochwertiges inneres Glasisolierelement.<\/p>\n","protected":false},"featured_media":3931,"template":"","meta":{"_themeisle_gutenberg_block_has_review":false},"product_brand":[],"product_cat":[75],"product_tag":[],"class_list":{"0":"post-4933","1":"product","2":"type-product","3":"status-publish","4":"has-post-thumbnail","6":"product_cat-isolierkannen","8":"first","9":"instock","10":"shipping-taxable","11":"product-type-simple"},"_links":{"self":[{"href":"https:\/\/enjoyater.com\/de\/wp-json\/wp\/v2\/product\/4933","targetHints":{"allow":["GET"]}}],"collection":[{"href":"https:\/\/enjoyater.com\/de\/wp-json\/wp\/v2\/product"}],"about":[{"href":"https:\/\/enjoyater.com\/de\/wp-json\/wp\/v2\/types\/product"}],"version-history":[{"count":3,"href":"https:\/\/enjoyater.com\/de\/wp-json\/wp\/v2\/product\/4933\/revisions"}],"predecessor-version":[{"id":7218,"href":"https:\/\/enjoyater.com\/de\/wp-json\/wp\/v2\/product\/4933\/revisions\/7218"}],"wp:featuredmedia":[{"embeddable":true,"href":"https:\/\/enjoyater.com\/de\/wp-json\/wp\/v2\/media\/3931"}],"wp:attachment":[{"href":"https:\/\/enjoyater.com\/de\/wp-json\/wp\/v2\/media?parent=4933"}],"wp:term":[{"taxonomy":"product_brand","embeddable":true,"href":"https:\/\/enjoyater.com\/de\/wp-json\/wp\/v2\/product_brand?post=4933"},{"taxonomy":"product_cat","embeddable":true,"href":"https:\/\/enjoyater.com\/de\/wp-json\/wp\/v2\/product_cat?post=4933"},{"taxonomy":"product_tag","embeddable":true,"href":"https:\/\/enjoyater.com\/de\/wp-json\/wp\/v2\/product_tag?post=4933"}],"curies":[{"name":"wp","href":"https:\/\/api.w.org\/{rel}","templated":true}]}}