{"id":5069,"date":"2023-10-30T16:13:53","date_gmt":"2023-10-30T15:13:53","guid":{"rendered":"https:\/\/enjoyater.com\/prodotto\/recipiente-termico-oval-tuttocaldo-4l-gris\/"},"modified":"2024-02-05T17:58:33","modified_gmt":"2024-02-05T16:58:33","slug":"recipiente-termico-oval-tuttocaldo-4l-gris","status":"publish","type":"product","link":"https:\/\/enjoyater.com\/es\/prodotto\/recipiente-termico-oval-tuttocaldo-4l-gris\/","title":{"rendered":"RECIPIENTE TERMICO OVAL TUTTOCALDO 4L &#8211; GRIS"},"content":{"rendered":"<p>Dimensiones del producto: 49.7\u00d731.5\u00d712.9 cm \u2013 40.5\u00d727.5\u00d76.6 cm<\/p>\n<p>Los recipientes t\u00e9rmicos para alimentos de Tuttocaldo incluyen una base y una tapa de doble pared de pl\u00e1stico compatible con los alimentos, adem\u00e1s de un aislamiento interior de EPS. Son indispensables para transportar y servir higi\u00e9nicamente los alimentos (calientes o fr\u00edos) en cualquier situaci\u00f3n, garantizando excelentes prestaciones t\u00e9rmicas.<\/p>\n<p>La fuente de cer\u00e1mica, para cocinar en el horno tradicional o en el microondas, debe guardarse dentro del recipiente aislado para mantener la temperatura de los alimentos, transportarlos y servirlos.<\/p>\n<p>Las asas de cierre de f\u00e1cil deslizamiento lateral garantizan un cierre herm\u00e9tico del recipiente, lo que mantendr\u00e1 la temperatura perfecta de los alimentos durante horas.<\/p>\n<p>\u2022 Mantiene los alimentos calientes\/fr\u00edos durante horas sin alterar su sabor ni su calidad<br \/>\n\u2022 Cierre seguro y m\u00e1xima higiene gracias al sistema de cierre con asa<br \/>\n\u2022 Dise\u00f1o elegante y moderno<br \/>\n\u2022 Fuente de cer\u00e1mica incluida<br \/>\n\u2022 Ideal para mantener caliente durante horas pastas o verduras gratinadas, lasa\u00f1a y canelones, carne guisada o asada, comida a la plancha, pescado guisado o al horno, flanes de verduras\u2026<br \/>\n\u2022 Igualmente, es ideal para mantener en fr\u00edo durante horas budines, tiramis\u00fa, sorbetes o helados, ensaladas de frutas\u2026<\/p>\n<p>Puedes hornear con la fuente en el horno y servirlo caliente directamente en la mesa\u2026<br \/>\n\u2026 llevar la comida para un picnic, en remolque, en el barco, en la playa, con los amigos<br \/>\n\u2026 servir sin problemas a los miembros de la familia que coman en diferentes momentos<br \/>\n\u2026 preparar la comida con antelaci\u00f3n y servirla con elegancia<br \/>\n\u2026 servir siempre la comida a la temperatura adecuada<\/p>\n<p>LA FUENTE S\u00d3LO PUEDE UTILIZARSE EN EL HORNO TRADICIONAL, EN EL MICROONDAS O EN EL LAVAVAJILLAS<\/p>\n<p><img decoding=\"async\" class=\"alignnone size-medium\" src=\"https:\/\/enjoyater.com\/wp-content\/uploads\/2024\/icone-es\/3h-caldo.gif\" alt=\"3H caliente\" width=\"75\" height=\"95\" \/><img decoding=\"async\" class=\"alignnone size-medium\" src=\"https:\/\/enjoyater.com\/wp-content\/uploads\/2024\/icone-es\/3h-freddo.gif\" alt=\"3H frio\" width=\"75\" height=\"95\" \/><img decoding=\"async\" class=\"alignnone size-medium\" src=\"https:\/\/enjoyater.com\/wp-content\/uploads\/2024\/icone-es\/cap-4L.gif\" alt=\"Capacidad 4L\" width=\"75\" height=\"95\" \/><img loading=\"lazy\" decoding=\"async\" class=\"alignnone size-medium\" src=\"https:\/\/enjoyater.com\/wp-content\/uploads\/2024\/icone-es\/forno-pirofila.gif\" alt=\"Horno solo fuente\" width=\"75\" height=\"95\" \/><img loading=\"lazy\" decoding=\"async\" class=\"alignnone size-medium\" src=\"https:\/\/enjoyater.com\/wp-content\/uploads\/2024\/icone-es\/lavastoviglie-pirofila.gif\" alt=\"Lavavajillas solo fuente\" width=\"75\" height=\"95\" \/><img loading=\"lazy\" decoding=\"async\" class=\"alignnone size-medium\" src=\"https:\/\/enjoyater.com\/wp-content\/uploads\/2024\/icone-es\/microonde-pirofila.gif\" alt=\"Horno microondas solo fuente\" width=\"75\" height=\"95\" \/><img loading=\"lazy\" decoding=\"async\" class=\"alignnone size-medium\" src=\"https:\/\/enjoyater.com\/wp-content\/uploads\/2024\/icone-es\/alimenti.gif\" alt=\"Seguro para los alimentos\" width=\"75\" height=\"95\" \/><img loading=\"lazy\" decoding=\"async\" class=\"alignnone size-medium\" src=\"https:\/\/enjoyater.com\/wp-content\/uploads\/2024\/icone-es\/bpa-free.gif\" alt=\"BPA free\" width=\"75\" height=\"95\" \/><img loading=\"lazy\" decoding=\"async\" class=\"alignnone size-medium\" src=\"https:\/\/enjoyater.com\/wp-content\/uploads\/2024\/icone-es\/made-italy.gif\" alt=\"Made in Italy\" width=\"75\" height=\"95\" \/><\/p>\n","protected":false},"excerpt":{"rendered":"<p>RECIPIENTES T\u00c9RMICOS OVAL TUTTOCALDO<\/p>\n<p>Recipiente t\u00e9rmico con tapa y fuente de cer\u00e1mica.<br \/>\nCocine en un horno tradicional o en el microondas y guarde sus alimentos en el recipiente t\u00e9rmico: se mantendr\u00e1n calientes (o fr\u00edos) durante horas, sin alterar su sabor ni su calidad.<\/p>\n","protected":false},"featured_media":4520,"template":"","meta":{"_themeisle_gutenberg_block_has_review":false},"product_brand":[],"product_cat":[83],"product_tag":[],"class_list":{"0":"post-5069","1":"product","2":"type-product","3":"status-publish","4":"has-post-thumbnail","6":"product_cat-recipientes-termicos","8":"first","9":"instock","10":"shipping-taxable","11":"product-type-simple"},"_links":{"self":[{"href":"https:\/\/enjoyater.com\/es\/wp-json\/wp\/v2\/product\/5069","targetHints":{"allow":["GET"]}}],"collection":[{"href":"https:\/\/enjoyater.com\/es\/wp-json\/wp\/v2\/product"}],"about":[{"href":"https:\/\/enjoyater.com\/es\/wp-json\/wp\/v2\/types\/product"}],"version-history":[{"count":3,"href":"https:\/\/enjoyater.com\/es\/wp-json\/wp\/v2\/product\/5069\/revisions"}],"predecessor-version":[{"id":7333,"href":"https:\/\/enjoyater.com\/es\/wp-json\/wp\/v2\/product\/5069\/revisions\/7333"}],"wp:featuredmedia":[{"embeddable":true,"href":"https:\/\/enjoyater.com\/es\/wp-json\/wp\/v2\/media\/4520"}],"wp:attachment":[{"href":"https:\/\/enjoyater.com\/es\/wp-json\/wp\/v2\/media?parent=5069"}],"wp:term":[{"taxonomy":"product_brand","embeddable":true,"href":"https:\/\/enjoyater.com\/es\/wp-json\/wp\/v2\/product_brand?post=5069"},{"taxonomy":"product_cat","embeddable":true,"href":"https:\/\/enjoyater.com\/es\/wp-json\/wp\/v2\/product_cat?post=5069"},{"taxonomy":"product_tag","embeddable":true,"href":"https:\/\/enjoyater.com\/es\/wp-json\/wp\/v2\/product_tag?post=5069"}],"curies":[{"name":"wp","href":"https:\/\/api.w.org\/{rel}","templated":true}]}}