{"id":5084,"date":"2023-10-30T16:13:54","date_gmt":"2023-10-30T15:13:54","guid":{"rendered":"https:\/\/enjoyater.com\/prodotto\/recipiente-termico-rect-tuttocaldo-25l-gris\/"},"modified":"2024-02-05T14:50:57","modified_gmt":"2024-02-05T13:50:57","slug":"recipiente-termico-rect-tuttocaldo-25l-gris","status":"publish","type":"product","link":"https:\/\/enjoyater.com\/es\/prodotto\/recipiente-termico-rect-tuttocaldo-25l-gris\/","title":{"rendered":"RECIPIENTE TERMICO RECT TUTTOCALDO 2,5L &#8211; GRIS"},"content":{"rendered":"<p>Dimensiones del producto: 44.5x25x13 cm &#8211; 33.5&#215;22.3&#215;6 cm<\/p>\n<p>Los recipientes t\u00e9rmicos para alimentos de Tuttocaldo incluyen una base y una tapa de doble pared de pl\u00e1stico compatible con los alimentos, adem\u00e1s de un aislamiento interior de EPS. Son indispensables para transportar y servir higi\u00e9nicamente los alimentos (calientes o fr\u00edos) en cualquier situaci\u00f3n, garantizando excelentes prestaciones t\u00e9rmicas.<\/p>\n<p>La fuente de cer\u00e1mica, para cocinar en el horno tradicional o en el microondas, debe guardarse dentro del recipiente aislado para mantener la temperatura de los alimentos, transportarlos y servirlos.<br \/>\nLas asas de cierre de f\u00e1cil deslizamiento lateral garantizan un cierre herm\u00e9tico del recipiente, lo que mantendr\u00e1 la temperatura perfecta de los alimentos durante horas.<br \/>\n* Mantiene los alimentos calientes\/fr\u00edos durante horas sin alterar su sabor ni su calidad<br \/>\n* Cierre seguro y m\u00e1xima higiene gracias al sistema de cierre con asa<br \/>\n* Dise\u00f1o moderno y elegante.<br \/>\n* Fuente de cer\u00e1mica incluida<br \/>\n* Ideal para mantener caliente durante horas pastas o verduras gratinadas, lasa\u00f1a y canelones, carne guisada o asada, comida a la plancha, pescado guisado o al horno, flanes de verduras&#8230;<br \/>\n* Igualmente, es ideal para mantener en fr\u00edo durante horas budines, tiramis\u00fa, sorbetes o helados, ensaladas de frutas&#8230;<\/p>\n<p>Puedes hornear con la fuente en el horno y servirlo caliente directamente en la mesa&#8230;<br \/>\n&#8230; llevar la comida para un picnic, en remolque, en el barco, en la playa, con los amigos<br \/>\n&#8230; servir sin problemas a los miembros de la familia que coman en diferentes momentos<br \/>\n&#8230; preparar la comida con antelaci\u00f3n y servirla con elegancia<br \/>\n&#8230; servir siempre la comida a la temperatura adecuada<br \/>\nLA FUENTE S\u00d3LO PUEDE UTILIZARSE EN EL HORNO TRADICIONAL, EN EL MICROONDAS O EN EL LAVAVAJILLAS<\/p>\n<p><img decoding=\"async\" class=\"alignnone size-medium\" src=\"https:\/\/enjoyater.com\/wp-content\/uploads\/2024\/icone-es\/25h-caldo.gif\" alt=\"2.5H caliente\" width=\"75\" height=\"95\" \/><img decoding=\"async\" class=\"alignnone size-medium\" src=\"https:\/\/enjoyater.com\/wp-content\/uploads\/2024\/icone-es\/25h-freddo.gif\" alt=\"2.5H frio\" width=\"75\" height=\"95\" \/><img decoding=\"async\" class=\"alignnone size-medium\" src=\"https:\/\/enjoyater.com\/wp-content\/uploads\/2024\/icone-es\/cap-25L.gif\" alt=\"Capacidad 2.5l\" width=\"75\" height=\"95\" \/><img loading=\"lazy\" decoding=\"async\" class=\"alignnone size-medium\" src=\"https:\/\/enjoyater.com\/wp-content\/uploads\/2024\/icone-es\/forno-pirofila.gif\" alt=\"Horno solo fuente\" width=\"75\" height=\"95\" \/><img loading=\"lazy\" decoding=\"async\" class=\"alignnone size-medium\" src=\"https:\/\/enjoyater.com\/wp-content\/uploads\/2024\/icone-es\/lavastoviglie-pirofila.gif\" alt=\"Lavavajillas solo fuente\" width=\"75\" height=\"95\" \/><img loading=\"lazy\" decoding=\"async\" class=\"alignnone size-medium\" src=\"https:\/\/enjoyater.com\/wp-content\/uploads\/2024\/icone-es\/microonde-pirofila.gif\" alt=\"Horno microondas solo fuente\" width=\"75\" height=\"95\" \/><img loading=\"lazy\" decoding=\"async\" class=\"alignnone size-medium\" src=\"https:\/\/enjoyater.com\/wp-content\/uploads\/2024\/icone-es\/alimenti.gif\" alt=\"Seguro para los alimentos\" width=\"75\" height=\"95\" \/><img loading=\"lazy\" decoding=\"async\" class=\"alignnone size-medium\" src=\"https:\/\/enjoyater.com\/wp-content\/uploads\/2024\/icone-es\/bpa-free.gif\" alt=\"BPA free\" width=\"75\" height=\"95\" \/><img loading=\"lazy\" decoding=\"async\" class=\"alignnone size-medium\" src=\"https:\/\/enjoyater.com\/wp-content\/uploads\/2024\/icone-es\/made-italy.gif\" alt=\"Made in Italy\" width=\"75\" height=\"95\" \/><\/p>\n","protected":false},"excerpt":{"rendered":"<p>RECIPIENTE TERMICO RECTANGULAR TUTTOCALDOO<\/p>\n<p>Recipiente t\u00e9rmico con tapa y fuente de cer\u00e1mica.<br \/>\nCocine en un horno tradicional o en el microondas y guarde sus alimentos en el recipiente t\u00e9rmico: se mantendr\u00e1n calientes (o fr\u00edos) durante horas, sin alterar su sabor ni su calidad.<\/p>\n","protected":false},"featured_media":4120,"template":"","meta":{"_themeisle_gutenberg_block_has_review":false},"product_brand":[],"product_cat":[83],"product_tag":[],"class_list":{"0":"post-5084","1":"product","2":"type-product","3":"status-publish","4":"has-post-thumbnail","6":"product_cat-recipientes-termicos","8":"first","9":"instock","10":"shipping-taxable","11":"product-type-simple"},"_links":{"self":[{"href":"https:\/\/enjoyater.com\/es\/wp-json\/wp\/v2\/product\/5084","targetHints":{"allow":["GET"]}}],"collection":[{"href":"https:\/\/enjoyater.com\/es\/wp-json\/wp\/v2\/product"}],"about":[{"href":"https:\/\/enjoyater.com\/es\/wp-json\/wp\/v2\/types\/product"}],"version-history":[{"count":3,"href":"https:\/\/enjoyater.com\/es\/wp-json\/wp\/v2\/product\/5084\/revisions"}],"predecessor-version":[{"id":7270,"href":"https:\/\/enjoyater.com\/es\/wp-json\/wp\/v2\/product\/5084\/revisions\/7270"}],"wp:featuredmedia":[{"embeddable":true,"href":"https:\/\/enjoyater.com\/es\/wp-json\/wp\/v2\/media\/4120"}],"wp:attachment":[{"href":"https:\/\/enjoyater.com\/es\/wp-json\/wp\/v2\/media?parent=5084"}],"wp:term":[{"taxonomy":"product_brand","embeddable":true,"href":"https:\/\/enjoyater.com\/es\/wp-json\/wp\/v2\/product_brand?post=5084"},{"taxonomy":"product_cat","embeddable":true,"href":"https:\/\/enjoyater.com\/es\/wp-json\/wp\/v2\/product_cat?post=5084"},{"taxonomy":"product_tag","embeddable":true,"href":"https:\/\/enjoyater.com\/es\/wp-json\/wp\/v2\/product_tag?post=5084"}],"curies":[{"name":"wp","href":"https:\/\/api.w.org\/{rel}","templated":true}]}}