{"id":4731,"date":"2023-10-30T16:13:53","date_gmt":"2023-10-30T15:13:53","guid":{"rendered":"https:\/\/enjoyater.com\/prodotto\/porte-plat-isotherme-oval-tuttocaldo-3l-blanc\/"},"modified":"2024-01-25T17:51:12","modified_gmt":"2024-01-25T16:51:12","slug":"porte-plat-isotherme-oval-tuttocaldo-3l-blanc","status":"publish","type":"product","link":"https:\/\/enjoyater.com\/fr\/prodotto\/porte-plat-isotherme-oval-tuttocaldo-3l-blanc\/","title":{"rendered":"PORTE-PLAT ISOTHERME OVAL TUTTOCALDO 3L &#8211; BLANC"},"content":{"rendered":"<p>Dimensions du produit: 44.5\u00d728,5\u00d712.9 cm \u2013 35x24x6 cm<\/p>\n<p>Les porte-plats isothermes Tuttocaldo sont compos\u00e9s d\u2019un corp et couvercle \u00e0 double paroi, fabriqu\u00e9e en material plastique pour aliments avec \u00e0 l\u2019int\u00e9rieur une isolation en EPS, et sont indispensables pour transporter et servir hygi\u00e8niquement la nourriture (chaude ou froide), dans toutes les situations, en garantissant excellentes performances thermiques.<\/p>\n<p>Le plat four en ceramique blanche, \u00e0 utiliser pour la cuisson au four ou au micro-ondes, doit \u00eatre ins\u00e9r\u00e9 dans le serveur isotherme pour maintenir la temperature, transporter et servire \u00e0 la table.<br \/>\nLes confortables poign\u00e9es de verrouillage lat\u00e9rales assurent une correcte fermeture du porte-plat, qui maintiendra ainsi la temp\u00e9rature parfaite des aliments pendant des heures.<br \/>\n* Garde la nourriture au chaud \/ froid, pendant des heures, sans alt\u00e9ration du go\u00fbt ou de qualit\u00e9<br \/>\n* Fermeture s\u00e9curis\u00e9e et hygi\u00e8ne maximale gr\u00e2ce au syst\u00e8me des poign\u00e9es<br \/>\n* Design moderne et \u00e9l\u00e9gant<br \/>\n* Plat four inclus<br \/>\n* Id\u00e9al pour conserver au chaud pendant des heures p\u00e2tes, l\u00e9gumes gratin\u00e9s, lasagne ou cannelloni, rago\u00fbt de viande, viandes r\u00f4ties, viandes et l\u00e9gumes grill\u00e9s, poissons au four, mijot\u00e9s de poisson, flans aux l\u00e9gumes\u2026<br \/>\n* Id\u00e9al aussi pour garder froids pendant des heures pudding, tiramis\u00f9, sorbets et glace, salade de fruit\u2026<\/p>\n<p>On peut cuisiner au four avec le plat ceramique et servir chaud directement sur la table\u2026<br \/>\n\u2026 transporter votre nourriture pour un pique-nique, \u00e0 la plage, en camping-car, sur un bateau, chez des amis<br \/>\n\u2026servir les membres de votre famille avoir des heures de repas diff\u00e9rentes<br \/>\n\u2026 cuire les aliments \u00e0 l\u2019avance et les servir avec \u00e9l\u00e9gance<br \/>\n\u2026 toujours servir vos repas \u00e0 la bonne temp\u00e9rature<\/p>\n<p>SEULE LE PLAT EN CERAMIQUE PEUT \u00caTRE UTILIS\u00c9 DANS LE FOUR TRADITIONNEL, DANS LE MICRO-ONDES OU AU LAVE-VAISSELLE.<\/p>\n<p><img decoding=\"async\" class=\"alignnone size-medium\" src=\"https:\/\/enjoyater.com\/wp-content\/uploads\/2024\/icone-fr\/3h-caldo.gif\" alt=\"3H chaud\" width=\"75\" height=\"95\" \/><img decoding=\"async\" class=\"alignnone size-medium\" src=\"https:\/\/enjoyater.com\/wp-content\/uploads\/2024\/icone-fr\/3h-freddo.gif\" alt=\"3H froid\" width=\"75\" height=\"95\" \/><img decoding=\"async\" class=\"alignnone size-medium\" src=\"https:\/\/enjoyater.com\/wp-content\/uploads\/2024\/icone-fr\/cap3L.gif\" alt=\"Capacit\u00e9 3L\" width=\"75\" height=\"95\" \/><img loading=\"lazy\" decoding=\"async\" class=\"alignnone size-medium\" src=\"https:\/\/enjoyater.com\/wp-content\/uploads\/2024\/icone-fr\/forno-pirofila.gif\" alt=\"Four seulement plat\" width=\"75\" height=\"95\" \/><img loading=\"lazy\" decoding=\"async\" class=\"alignnone size-medium\" src=\"https:\/\/enjoyater.com\/wp-content\/uploads\/2024\/icone-fr\/lavastoviglie-pirofila.gif\" alt=\"Lave vaisselle seulement plat\" width=\"75\" height=\"95\" \/><img loading=\"lazy\" decoding=\"async\" class=\"alignnone size-medium\" src=\"https:\/\/enjoyater.com\/wp-content\/uploads\/2024\/icone-fr\/microonde-pirofila.gif\" alt=\"Micro-ondes seulement plat\" width=\"75\" height=\"95\" \/><img loading=\"lazy\" decoding=\"async\" class=\"alignnone size-medium\" src=\"https:\/\/enjoyater.com\/wp-content\/uploads\/2024\/icone-fr\/alimenti.gif\" alt=\"S\u00fbr pour les alimentes\" width=\"75\" height=\"95\" \/><img loading=\"lazy\" decoding=\"async\" class=\"alignnone size-medium\" src=\"https:\/\/enjoyater.com\/wp-content\/uploads\/2024\/icone-fr\/bpa-free.gif\" alt=\"BPA free\" width=\"75\" height=\"95\" \/><img loading=\"lazy\" decoding=\"async\" class=\"alignnone size-medium\" src=\"https:\/\/enjoyater.com\/wp-content\/uploads\/2024\/icone-fr\/made-italy.gif\" alt=\"Made in Italy\" width=\"75\" height=\"95\" \/><\/p>\n","protected":false},"excerpt":{"rendered":"<p>PORTE-PLAT ISOTHERME OVAL TUTTOCALDO<\/p>\n<p>R\u00e9cipient isotherme avec plat en c\u00e9ramique.<br \/>\nCuire au four traditionnel ou au micro-ondes et conserver les aliments dans le porte-platisotherme : ils resteront chauds (ou froids) pendant des heures, sans alt\u00e9rer leur saveur ni leur qualit\u00e9.<\/p>\n","protected":false},"featured_media":2774,"template":"","meta":{"_themeisle_gutenberg_block_has_review":false},"product_brand":[],"product_cat":[82],"product_tag":[],"class_list":{"0":"post-4731","1":"product","2":"type-product","3":"status-publish","4":"has-post-thumbnail","6":"product_cat-porte-plats-isothermes","8":"first","9":"instock","10":"shipping-taxable","11":"product-type-simple"},"_links":{"self":[{"href":"https:\/\/enjoyater.com\/fr\/wp-json\/wp\/v2\/product\/4731","targetHints":{"allow":["GET"]}}],"collection":[{"href":"https:\/\/enjoyater.com\/fr\/wp-json\/wp\/v2\/product"}],"about":[{"href":"https:\/\/enjoyater.com\/fr\/wp-json\/wp\/v2\/types\/product"}],"version-history":[{"count":3,"href":"https:\/\/enjoyater.com\/fr\/wp-json\/wp\/v2\/product\/4731\/revisions"}],"predecessor-version":[{"id":6971,"href":"https:\/\/enjoyater.com\/fr\/wp-json\/wp\/v2\/product\/4731\/revisions\/6971"}],"wp:featuredmedia":[{"embeddable":true,"href":"https:\/\/enjoyater.com\/fr\/wp-json\/wp\/v2\/media\/2774"}],"wp:attachment":[{"href":"https:\/\/enjoyater.com\/fr\/wp-json\/wp\/v2\/media?parent=4731"}],"wp:term":[{"taxonomy":"product_brand","embeddable":true,"href":"https:\/\/enjoyater.com\/fr\/wp-json\/wp\/v2\/product_brand?post=4731"},{"taxonomy":"product_cat","embeddable":true,"href":"https:\/\/enjoyater.com\/fr\/wp-json\/wp\/v2\/product_cat?post=4731"},{"taxonomy":"product_tag","embeddable":true,"href":"https:\/\/enjoyater.com\/fr\/wp-json\/wp\/v2\/product_tag?post=4731"}],"curies":[{"name":"wp","href":"https:\/\/api.w.org\/{rel}","templated":true}]}}