{"id":4783,"date":"2023-10-30T16:13:54","date_gmt":"2023-10-30T15:13:54","guid":{"rendered":"https:\/\/enjoyater.com\/prodotto\/pichet-isotherme-plisse-interieur-en-verre-1l-blanc\/"},"modified":"2024-01-26T11:52:06","modified_gmt":"2024-01-26T10:52:06","slug":"pichet-isotherme-plisse-int-verre-1l-blanc","status":"publish","type":"product","link":"https:\/\/enjoyater.com\/fr\/prodotto\/pichet-isotherme-plisse-int-verre-1l-blanc\/","title":{"rendered":"PICHET ISOTHERME PLISSE&#8217; INTERIEUR EN VERRE 1L &#8211; BLANC"},"content":{"rendered":"<p>Dimensions du produit: 18.7&#215;14.5&#215;26 cm<\/p>\n<p>Une excellente fonctionnalit\u00e9 et un design de haut niveau rendent cette carafe unique.<\/p>\n<p>Corps ext\u00e9rieur en mati\u00e8re plastique r\u00e9sistante (ABS) adapte au contact alimentaire.<br \/>\nRecharge interne de haute qualit\u00e9, en verre argent\u00e9 \u00e0 double paroi, scell\u00e9 sous vide.<br \/>\nLevier avec syst\u00e8me de fermeture automatique pour \u00e9viter les dispersions de temp\u00e9rature.<br \/>\nCouvercle couvercle avec verrou tournant.<\/p>\n<p>Les pichets isothermes Pliss\u00e9, gr\u00e2ce \u00e0 l&#8217;int\u00e9rieur en verre \u00e0 double paroi de haute qualit\u00e9, offrent des niveaux de performance exceptionnels, en permettant de profiter de l&#8217;ar\u00f4me d&#8217;un caf\u00e9 chaud ou bien de la fra\u00eecheur d&#8217;un jus, m\u00eame apr\u00e8s plusieurs heures.<br \/>\n\u00c0 l&#8217;excellente fonctionnalit\u00e9, ils ajoutent un design de haut niveau qui les rend uniques.<br \/>\nLes pichets isothermes Pliss\u00e9, avec int\u00e9rieur en verre, allient technique avec design, performance et durabilit\u00e9:<br \/>\n1) un corps ext\u00e9rieur en mati\u00e8re plastique de haute qualit\u00e9, adapte au contact avec les aliments<br \/>\n2) une recharge interne de haute qualit\u00e9, en verre double paroi sous vide, efficace pour la conservation de boissons chaudes ou froides<\/p>\n<p><img decoding=\"async\" class=\"alignnone size-medium\" src=\"https:\/\/enjoyater.com\/wp-content\/uploads\/2024\/icone-fr\/12h-caldo.gif\" alt=\"12H chaud\" width=\"75\" height=\"95\" \/><img decoding=\"async\" class=\"alignnone size-medium\" src=\"https:\/\/enjoyater.com\/wp-content\/uploads\/2024\/icone-fr\/24h-freddo.gif\" alt=\"24H froid\" width=\"75\" height=\"95\" \/><img decoding=\"async\" class=\"alignnone size-medium\" src=\"https:\/\/enjoyater.com\/wp-content\/uploads\/2024\/icone-fr\/cap-1L.gif\" alt=\"Capacit\u00e9 1L\" width=\"75\" height=\"95\" \/><img loading=\"lazy\" decoding=\"async\" class=\"alignnone size-medium\" src=\"https:\/\/enjoyater.com\/wp-content\/uploads\/2024\/icone-fr\/smart-lock.gif\" alt=\"Smart lock\" width=\"75\" height=\"95\" \/><img loading=\"lazy\" decoding=\"async\" class=\"alignnone size-medium\" src=\"https:\/\/enjoyater.com\/wp-content\/uploads\/2024\/icone-fr\/ermetico.gif\" alt=\"Herm\u00e9tique\" width=\"75\" height=\"95\" \/><img loading=\"lazy\" decoding=\"async\" class=\"alignnone size-medium\" src=\"https:\/\/enjoyater.com\/wp-content\/uploads\/2024\/icone-fr\/alimenti.gif\" alt=\"S\u00fbr pour les alimentes\" width=\"75\" height=\"95\" \/><img loading=\"lazy\" decoding=\"async\" class=\"alignnone size-medium\" src=\"https:\/\/enjoyater.com\/wp-content\/uploads\/2024\/icone-fr\/bpa-free.gif\" alt=\"BPA free\" width=\"75\" height=\"95\" \/><img loading=\"lazy\" decoding=\"async\" class=\"alignnone size-medium\" src=\"https:\/\/enjoyater.com\/wp-content\/uploads\/2024\/icone-fr\/made-italy.gif\" alt=\"Made in Italy\" width=\"75\" height=\"95\" \/><\/p>\n","protected":false},"excerpt":{"rendered":"<p>PICHET ISOTHERME<br \/>\nId\u00e9al pour le th\u00e9, le caf\u00e9, les tisanes, boissons non gazeuses. Poign\u00e9e ergonomique. Couvercle &#8220;serrure intelligente&#8221;.<br \/>\nUtilisable d&#8217;une seule main. Surface durable avec finition brillante. Herm\u00e9tique. A&#8217; l&#8217;int\u00e9rieur un verre isolant sous-vide de haute qualit\u00e9.<\/p>\n","protected":false},"featured_media":3598,"template":"","meta":{"_themeisle_gutenberg_block_has_review":false},"product_brand":[],"product_cat":[74],"product_tag":[],"class_list":{"0":"post-4783","1":"product","2":"type-product","3":"status-publish","4":"has-post-thumbnail","6":"product_cat-pichets-isothermes","8":"first","9":"instock","10":"shipping-taxable","11":"product-type-simple"},"_links":{"self":[{"href":"https:\/\/enjoyater.com\/fr\/wp-json\/wp\/v2\/product\/4783","targetHints":{"allow":["GET"]}}],"collection":[{"href":"https:\/\/enjoyater.com\/fr\/wp-json\/wp\/v2\/product"}],"about":[{"href":"https:\/\/enjoyater.com\/fr\/wp-json\/wp\/v2\/types\/product"}],"version-history":[{"count":3,"href":"https:\/\/enjoyater.com\/fr\/wp-json\/wp\/v2\/product\/4783\/revisions"}],"predecessor-version":[{"id":7013,"href":"https:\/\/enjoyater.com\/fr\/wp-json\/wp\/v2\/product\/4783\/revisions\/7013"}],"wp:featuredmedia":[{"embeddable":true,"href":"https:\/\/enjoyater.com\/fr\/wp-json\/wp\/v2\/media\/3598"}],"wp:attachment":[{"href":"https:\/\/enjoyater.com\/fr\/wp-json\/wp\/v2\/media?parent=4783"}],"wp:term":[{"taxonomy":"product_brand","embeddable":true,"href":"https:\/\/enjoyater.com\/fr\/wp-json\/wp\/v2\/product_brand?post=4783"},{"taxonomy":"product_cat","embeddable":true,"href":"https:\/\/enjoyater.com\/fr\/wp-json\/wp\/v2\/product_cat?post=4783"},{"taxonomy":"product_tag","embeddable":true,"href":"https:\/\/enjoyater.com\/fr\/wp-json\/wp\/v2\/product_tag?post=4783"}],"curies":[{"name":"wp","href":"https:\/\/api.w.org\/{rel}","templated":true}]}}