{"id":6375,"date":"2023-12-15T17:34:45","date_gmt":"2023-12-15T16:34:45","guid":{"rendered":"https:\/\/enjoyater.com\/prodotto\/porte-plat-isotherme-rect-colorado-2-8l-rose\/"},"modified":"2024-01-26T11:30:45","modified_gmt":"2024-01-26T10:30:45","slug":"porte-plat-isotherme-rect-colorado-2-8l-rose","status":"publish","type":"product","link":"https:\/\/enjoyater.com\/fr\/prodotto\/porte-plat-isotherme-rect-colorado-2-8l-rose\/","title":{"rendered":"PORTE-PLAT ISOTHERME RECT COLORADO 2.8L &#8211; ROSE"},"content":{"rendered":"<p>Dimensions du produit: 42x26x8.5 cm &#8211; 30.8&#215;21.5&#215;6.2 cm<\/p>\n<p>Les porte-plats isothermes Colorado sont compos\u00e9s d&#8217;un corp et couvercle \u00e0 double paroi, fabriqu\u00e9e en material plastique pour aliments avec \u00e0 l&#8217;int\u00e9rieur une isolation en EPS, et poign\u00e9es en mat\u00e9rieu transparent couleur ambre, qui ajoutent de l&#8217;\u00e9l\u00e9gance aux performances uniques. Ils sont indispensables pour transporter et servir hygi\u00e8niquement la nourriture (chaude ou froide), dans toutes les situations, en garantissant excellentes performances thermiques.<\/p>\n<p>Le plat four en ceramique blanche, \u00e0 utiliser pour la cuisson au four ou au micro-ondes, doit \u00eatre ins\u00e9r\u00e9 dans le serveur isotherme pour maintenir la temperature, transporter et servire \u00e0 la table.<br \/>\nLes confortables poign\u00e9es de verrouillage lat\u00e9rales assurent une correcte fermeture du porte-plat, qui maintiendra ainsi la temp\u00e9rature parfaite des aliments pendant des heures.<br \/>\n* Garde les aliments chauds\/froids pendant des heures sans alt\u00e9rer leur saveur ou leur qualit\u00e9<br \/>\n* Fermeture s\u00e9curis\u00e9e et hygi\u00e8ne maximale gr\u00e2ce au syst\u00e8me des poign\u00e9es<br \/>\n* Design moderne et \u00e9l\u00e9gant. La transparence des poign\u00e9es est une valeur esth\u00e9tique ajout\u00e9.<br \/>\n* Plat four inclus<br \/>\n* Id\u00e9al pour conserver au chaud pendant des heures p\u00e2tes, l\u00e9gumes gratin\u00e9s, lasagne ou cannelloni, rago\u00fbt de viande, viandes r\u00f4ties, viandes et l\u00e9gumes grill\u00e9s, poissons au four, mijot\u00e9s de poisson, flans aux l\u00e9gumes&#8230;<br \/>\n* Id\u00e9al aussi pour garder froids pendant des heures pudding, tiramis\u00f9, sorbets et glace, salade de fruit\u2026<\/p>\n<p>On peut cuisiner au four avec le plat ceramique et servir chaud directement sur la table&#8230;<br \/>\n&#8230; transporter votre nourriture pour un pique-nique, \u00e0 la plage, en camping-car, sur un bateau, chez des amis<br \/>\n&#8230;servir les membres de votre famille avoir des heures de repas diff\u00e9rentes<br \/>\n&#8230; cuire les aliments \u00e0 l&#8217;avance et les servir avec \u00e9l\u00e9gance<br \/>\n&#8230; toujours servir vos repas \u00e0 la bonne temp\u00e9rature<br \/>\nPOUR PRESERVER LA TRASPARENCE DES POIGNEES, IL EST PREFERABLE DE LAVER A&#8217; LA MAIN LE CORP\/COUVERCLE. LE PLAT VA AU LAVE-VAISSELLE.<\/p>\n<p><img decoding=\"async\" class=\"alignnone size-medium\" src=\"https:\/\/enjoyater.com\/wp-content\/uploads\/2024\/icone-fr\/4h-caldo.gif\" alt=\"4H chaud\" width=\"75\" height=\"95\" \/><img decoding=\"async\" class=\"alignnone size-medium\" src=\"https:\/\/enjoyater.com\/wp-content\/uploads\/2024\/icone-fr\/4h-freddo.gif\" alt=\"4H froid\" width=\"75\" height=\"95\" \/><img decoding=\"async\" class=\"alignnone size-medium\" src=\"https:\/\/enjoyater.com\/wp-content\/uploads\/2024\/icone-fr\/forno-pirofila.gif\" alt=\"Four seulement plat\" width=\"75\" height=\"95\" \/><img loading=\"lazy\" decoding=\"async\" class=\"alignnone size-medium\" src=\"https:\/\/enjoyater.com\/wp-content\/uploads\/2024\/icone-fr\/lavastoviglie-pirofila.gif\" alt=\"Lave vaisselle seulement plat\" width=\"75\" height=\"95\" \/><img loading=\"lazy\" decoding=\"async\" class=\"alignnone size-medium\" src=\"https:\/\/enjoyater.com\/wp-content\/uploads\/2024\/icone-fr\/microonde-pirofila.gif\" alt=\"Micro-ondes seulement plat\" width=\"75\" height=\"95\" \/><img loading=\"lazy\" decoding=\"async\" class=\"alignnone size-medium\" src=\"https:\/\/enjoyater.com\/wp-content\/uploads\/2024\/icone-fr\/alimenti.gif\" alt=\"S\u00fbr pour les alimentes\" width=\"75\" height=\"95\" \/><img loading=\"lazy\" decoding=\"async\" class=\"alignnone size-medium\" src=\"https:\/\/enjoyater.com\/wp-content\/uploads\/2024\/icone-fr\/bpa-free.gif\" alt=\"BPA free\" width=\"75\" height=\"95\" \/><img loading=\"lazy\" decoding=\"async\" class=\"alignnone size-medium\" src=\"https:\/\/enjoyater.com\/wp-content\/uploads\/2024\/icone-fr\/made-china.gif\" alt=\"Made in China\" width=\"75\" height=\"95\" \/><\/p>\n","protected":false},"excerpt":{"rendered":"<p>PORTE-PLATS ISOTHERMES RECT. COLORADO<\/p>\n<p>R\u00e9cipient isotherme avec plat en c\u00e9ramique.<br \/>\nCuire au four traditionnel ou au micro-ondes et conserver les aliments dans le porte-plat isotherme: ils resteront chauds (ou froids) pendant des heures, sans alt\u00e9rer leur saveur ni leur qualit\u00e9.<\/p>\n","protected":false},"featured_media":6199,"template":"","meta":{"_themeisle_gutenberg_block_has_review":false},"product_brand":[],"product_cat":[82],"product_tag":[],"class_list":{"0":"post-6375","1":"product","2":"type-product","3":"status-publish","4":"has-post-thumbnail","6":"product_cat-porte-plats-isothermes","8":"first","9":"instock","10":"shipping-taxable","11":"product-type-simple"},"_links":{"self":[{"href":"https:\/\/enjoyater.com\/fr\/wp-json\/wp\/v2\/product\/6375","targetHints":{"allow":["GET"]}}],"collection":[{"href":"https:\/\/enjoyater.com\/fr\/wp-json\/wp\/v2\/product"}],"about":[{"href":"https:\/\/enjoyater.com\/fr\/wp-json\/wp\/v2\/types\/product"}],"version-history":[{"count":4,"href":"https:\/\/enjoyater.com\/fr\/wp-json\/wp\/v2\/product\/6375\/revisions"}],"predecessor-version":[{"id":6990,"href":"https:\/\/enjoyater.com\/fr\/wp-json\/wp\/v2\/product\/6375\/revisions\/6990"}],"wp:featuredmedia":[{"embeddable":true,"href":"https:\/\/enjoyater.com\/fr\/wp-json\/wp\/v2\/media\/6199"}],"wp:attachment":[{"href":"https:\/\/enjoyater.com\/fr\/wp-json\/wp\/v2\/media?parent=6375"}],"wp:term":[{"taxonomy":"product_brand","embeddable":true,"href":"https:\/\/enjoyater.com\/fr\/wp-json\/wp\/v2\/product_brand?post=6375"},{"taxonomy":"product_cat","embeddable":true,"href":"https:\/\/enjoyater.com\/fr\/wp-json\/wp\/v2\/product_cat?post=6375"},{"taxonomy":"product_tag","embeddable":true,"href":"https:\/\/enjoyater.com\/fr\/wp-json\/wp\/v2\/product_tag?post=6375"}],"curies":[{"name":"wp","href":"https:\/\/api.w.org\/{rel}","templated":true}]}}